{"id":12,"date":"2019-12-04T13:09:43","date_gmt":"2019-12-04T13:09:43","guid":{"rendered":"https:\/\/themes.muffingroup.com\/be\/security3\/?page_id=12"},"modified":"2025-03-25T20:17:50","modified_gmt":"2025-03-25T20:17:50","slug":"empresa","status":"publish","type":"page","link":"https:\/\/gayacosmeticos.com.br\/gaya\/empresa\/","title":{"rendered":"EMPRESA"},"content":{"rendered":"\t\t<div data-elementor-type=\"wp-page\" data-elementor-id=\"12\" class=\"elementor elementor-12\" data-elementor-post-type=\"page\">\n\t\t\t\t\t\t<section class=\"elementor-section elementor-top-section elementor-element elementor-element-606e103 elementor-section-stretched elementor-section-boxed elementor-section-height-default elementor-section-height-default\" data-id=\"606e103\" data-element_type=\"section\" data-e-type=\"section\" data-settings=\"{&quot;stretch_section&quot;:&quot;section-stretched&quot;}\">\n\t\t\t\t\t\t<div class=\"elementor-container elementor-column-gap-wider\">\n\t\t\t\t\t<div class=\"elementor-column elementor-col-100 elementor-top-column elementor-element elementor-element-b8a9c19\" data-id=\"b8a9c19\" data-element_type=\"column\" data-e-type=\"column\">\n\t\t\t<div class=\"elementor-widget-wrap elementor-element-populated\">\n\t\t\t\t\t\t<section class=\"elementor-section elementor-inner-section elementor-element elementor-element-1737819 elementor-section-boxed elementor-section-height-default elementor-section-height-default\" data-id=\"1737819\" data-element_type=\"section\" data-e-type=\"section\">\n\t\t\t\t\t\t<div class=\"elementor-container elementor-column-gap-default\">\n\t\t\t\t\t<div class=\"elementor-column elementor-col-100 elementor-inner-column elementor-element elementor-element-10f8710\" data-id=\"10f8710\" data-element_type=\"column\" data-e-type=\"column\">\n\t\t\t<div class=\"elementor-widget-wrap elementor-element-populated\">\n\t\t\t\t\t\t<div class=\"elementor-element elementor-element-80c0b02 elementor-widget elementor-widget-text-editor\" data-id=\"80c0b02\" data-element_type=\"widget\" data-e-type=\"widget\" data-widget_type=\"text-editor.default\">\n\t\t\t\t<div class=\"elementor-widget-container\">\n\t\t\t\t\t\t\t\t\t<h3>HA MAIS DE 20 ANOS NA IND\u00daSTRIA DE COSM\u00c9TICO.<\/h3>\t\t\t\t\t\t\t\t<\/div>\n\t\t\t\t<\/div>\n\t\t\t\t<div class=\"elementor-element elementor-element-51fea98 elementor-widget elementor-widget-image\" data-id=\"51fea98\" data-element_type=\"widget\" data-e-type=\"widget\" data-widget_type=\"image.default\">\n\t\t\t\t<div class=\"elementor-widget-container\">\n\t\t\t\t\t\t\t\t\t\t\t\t\t\t\t<img decoding=\"async\" width=\"40\" height=\"3\" src=\"https:\/\/gayacosmeticos.com.br\/gaya\/wp-content\/uploads\/2025\/02\/Traco-site.png\" class=\"attachment-large size-large wp-image-318\" alt=\"\" \/>\t\t\t\t\t\t\t\t\t\t\t\t\t\t\t<\/div>\n\t\t\t\t<\/div>\n\t\t\t\t\t<\/div>\n\t\t<\/div>\n\t\t\t\t\t<\/div>\n\t\t<\/section>\n\t\t\t\t<section class=\"elementor-section elementor-inner-section elementor-element elementor-element-d894d02 elementor-section-boxed elementor-section-height-default elementor-section-height-default\" data-id=\"d894d02\" data-element_type=\"section\" data-e-type=\"section\">\n\t\t\t\t\t\t<div class=\"elementor-container elementor-column-gap-default\">\n\t\t\t\t\t<div class=\"elementor-column elementor-col-50 elementor-inner-column elementor-element elementor-element-fb9a2d6\" data-id=\"fb9a2d6\" data-element_type=\"column\" data-e-type=\"column\">\n\t\t\t<div class=\"elementor-widget-wrap elementor-element-populated\">\n\t\t\t\t\t\t<div class=\"elementor-element elementor-element-abc3a6d elementor-widget elementor-widget-text-editor\" data-id=\"abc3a6d\" data-element_type=\"widget\" data-e-type=\"widget\" data-widget_type=\"text-editor.default\">\n\t\t\t\t<div class=\"elementor-widget-container\">\n\t\t\t\t\t\t\t\t\t<h5>A Gaya \u00e9 uma ind\u00fastria de terceiriza\u00e7\u00e3o de cosm\u00e9ticos que atua no mercado desde 2002. Desenvolvemos produtos de alta performance buscando sempre o aprimoramento humano e tecnol\u00f3gico para oferecer a nossos clientes qualidade, transpar\u00eancia e atendimento personalizado a um custo competitivo para a produ\u00e7\u00e3o de sua linha.<\/h5>\t\t\t\t\t\t\t\t<\/div>\n\t\t\t\t<\/div>\n\t\t\t\t\t<\/div>\n\t\t<\/div>\n\t\t\t\t<div class=\"elementor-column elementor-col-50 elementor-inner-column elementor-element elementor-element-39769a3\" data-id=\"39769a3\" data-element_type=\"column\" data-e-type=\"column\">\n\t\t\t<div class=\"elementor-widget-wrap elementor-element-populated\">\n\t\t\t\t\t\t<div class=\"elementor-element elementor-element-1cdf3e8 elementor-align-center elementor-mobile-align-center elementor-widget elementor-widget-button\" data-id=\"1cdf3e8\" data-element_type=\"widget\" data-e-type=\"widget\" data-widget_type=\"button.default\">\n\t\t\t\t<div class=\"elementor-widget-container\">\n\t\t\t\t\t\t\t\t\t<div class=\"elementor-button-wrapper\">\n\t\t\t\t\t<a class=\"elementor-button elementor-button-link elementor-size-sm\" href=\"https:\/\/gayacosmeticos.com.br\/gaya\/marca-propria\/\">\n\t\t\t\t\t\t<span class=\"elementor-button-content-wrapper\">\n\t\t\t\t\t\t\t\t\t<span class=\"elementor-button-text\">TERCEIRIZA\u00c7\u00c3O<\/span>\n\t\t\t\t\t<\/span>\n\t\t\t\t\t<\/a>\n\t\t\t\t<\/div>\n\t\t\t\t\t\t\t\t<\/div>\n\t\t\t\t<\/div>\n\t\t\t\t\t<\/div>\n\t\t<\/div>\n\t\t\t\t\t<\/div>\n\t\t<\/section>\n\t\t\t\t\t<\/div>\n\t\t<\/div>\n\t\t\t\t\t<\/div>\n\t\t<\/section>\n\t\t\t\t<\/div>\n\t\t","protected":false},"excerpt":{"rendered":"<p>HA MAIS DE 20 ANOS NA IND\u00daSTRIA DE COSM\u00c9TICO. A Gaya \u00e9 uma ind\u00fastria de terceiriza\u00e7\u00e3o de cosm\u00e9ticos que atua no mercado desde 2002. Desenvolvemos produtos<span class=\"excerpt-hellip\"> [\u2026]<\/span><\/p>\n","protected":false},"author":1,"featured_media":0,"parent":0,"menu_order":0,"comment_status":"open","ping_status":"closed","template":"","meta":{"footnotes":""},"class_list":["post-12","page","type-page","status-publish","hentry"],"_links":{"self":[{"href":"https:\/\/gayacosmeticos.com.br\/gaya\/wp-json\/wp\/v2\/pages\/12","targetHints":{"allow":["GET"]}}],"collection":[{"href":"https:\/\/gayacosmeticos.com.br\/gaya\/wp-json\/wp\/v2\/pages"}],"about":[{"href":"https:\/\/gayacosmeticos.com.br\/gaya\/wp-json\/wp\/v2\/types\/page"}],"author":[{"embeddable":true,"href":"https:\/\/gayacosmeticos.com.br\/gaya\/wp-json\/wp\/v2\/users\/1"}],"replies":[{"embeddable":true,"href":"https:\/\/gayacosmeticos.com.br\/gaya\/wp-json\/wp\/v2\/comments?post=12"}],"version-history":[{"count":23,"href":"https:\/\/gayacosmeticos.com.br\/gaya\/wp-json\/wp\/v2\/pages\/12\/revisions"}],"predecessor-version":[{"id":697,"href":"https:\/\/gayacosmeticos.com.br\/gaya\/wp-json\/wp\/v2\/pages\/12\/revisions\/697"}],"wp:attachment":[{"href":"https:\/\/gayacosmeticos.com.br\/gaya\/wp-json\/wp\/v2\/media?parent=12"}],"curies":[{"name":"wp","href":"https:\/\/api.w.org\/{rel}","templated":true}]}}