{"id":399,"date":"2025-03-18T16:46:13","date_gmt":"2025-03-18T16:46:13","guid":{"rendered":"https:\/\/gayacosmeticos.com.br\/gaya\/?page_id=399"},"modified":"2025-03-20T14:37:43","modified_gmt":"2025-03-20T14:37:43","slug":"produtos","status":"publish","type":"page","link":"https:\/\/gayacosmeticos.com.br\/gaya\/produtos\/","title":{"rendered":"PRODUTOS"},"content":{"rendered":"\t\t<div data-elementor-type=\"wp-page\" data-elementor-id=\"399\" class=\"elementor elementor-399\" data-elementor-post-type=\"page\">\n\t\t\t\t\t\t<section class=\"elementor-section elementor-top-section elementor-element elementor-element-7d941ad2 elementor-section-stretched elementor-section-content-top elementor-section-boxed elementor-section-height-default elementor-section-height-default\" data-id=\"7d941ad2\" data-element_type=\"section\" data-e-type=\"section\" data-settings=\"{&quot;stretch_section&quot;:&quot;section-stretched&quot;,&quot;background_background&quot;:&quot;classic&quot;}\">\n\t\t\t\t\t\t<div class=\"elementor-container elementor-column-gap-wider\">\n\t\t\t\t\t<div class=\"elementor-column elementor-col-100 elementor-top-column elementor-element elementor-element-68dc170a\" data-id=\"68dc170a\" data-element_type=\"column\" data-e-type=\"column\">\n\t\t\t<div class=\"elementor-widget-wrap elementor-element-populated\">\n\t\t\t\t\t\t<section class=\"elementor-section elementor-inner-section elementor-element elementor-element-4b7d8eaf elementor-section-content-middle elementor-reverse-mobile elementor-section-boxed elementor-section-height-default elementor-section-height-default\" data-id=\"4b7d8eaf\" data-element_type=\"section\" data-e-type=\"section\">\n\t\t\t\t\t\t<div class=\"elementor-container elementor-column-gap-default\">\n\t\t\t\t\t<div class=\"elementor-column elementor-col-50 elementor-inner-column elementor-element elementor-element-43c3f842\" data-id=\"43c3f842\" data-element_type=\"column\" data-e-type=\"column\">\n\t\t\t<div class=\"elementor-widget-wrap elementor-element-populated\">\n\t\t\t\t\t\t<div class=\"elementor-element elementor-element-445ab0d3 elementor-widget elementor-widget-image\" data-id=\"445ab0d3\" data-element_type=\"widget\" data-e-type=\"widget\" data-widget_type=\"image.default\">\n\t\t\t\t<div class=\"elementor-widget-container\">\n\t\t\t\t\t\t\t\t\t\t\t\t\t\t\t\t<a href=\"https:\/\/gayacosmeticos.com.br\/gaya\/services\/\">\n\t\t\t\t\t\t\t<img fetchpriority=\"high\" decoding=\"async\" width=\"780\" height=\"628\" src=\"https:\/\/gayacosmeticos.com.br\/gaya\/wp-content\/uploads\/2025\/03\/tatoo_gaya.jpg\" class=\"attachment-large size-large wp-image-556\" alt=\"\" srcset=\"https:\/\/gayacosmeticos.com.br\/gaya\/wp-content\/uploads\/2025\/03\/tatoo_gaya.jpg 780w, https:\/\/gayacosmeticos.com.br\/gaya\/wp-content\/uploads\/2025\/03\/tatoo_gaya-500x403.jpg 500w, https:\/\/gayacosmeticos.com.br\/gaya\/wp-content\/uploads\/2025\/03\/tatoo_gaya-300x242.jpg 300w, https:\/\/gayacosmeticos.com.br\/gaya\/wp-content\/uploads\/2025\/03\/tatoo_gaya-768x618.jpg 768w, https:\/\/gayacosmeticos.com.br\/gaya\/wp-content\/uploads\/2025\/03\/tatoo_gaya-93x75.jpg 93w, https:\/\/gayacosmeticos.com.br\/gaya\/wp-content\/uploads\/2025\/03\/tatoo_gaya-480x386.jpg 480w\" sizes=\"(max-width:767px) 480px, (max-width:780px) 100vw, 780px\" \/>\t\t\t\t\t\t\t\t<\/a>\n\t\t\t\t\t\t\t\t\t\t\t\t\t\t\t<\/div>\n\t\t\t\t<\/div>\n\t\t\t\t\t<\/div>\n\t\t<\/div>\n\t\t\t\t<div class=\"elementor-column elementor-col-50 elementor-inner-column elementor-element elementor-element-4741cff7\" data-id=\"4741cff7\" data-element_type=\"column\" data-e-type=\"column\">\n\t\t\t<div class=\"elementor-widget-wrap elementor-element-populated\">\n\t\t\t\t\t\t<div class=\"elementor-element elementor-element-71342939 elementor-widget elementor-widget-image\" data-id=\"71342939\" data-element_type=\"widget\" data-e-type=\"widget\" data-widget_type=\"image.default\">\n\t\t\t\t<div class=\"elementor-widget-container\">\n\t\t\t\t\t\t\t\t\t\t\t\t\t\t\t<img decoding=\"async\" width=\"40\" height=\"40\" src=\"https:\/\/gayacosmeticos.com.br\/gaya\/wp-content\/uploads\/2025\/02\/circulo1.png\" class=\"attachment-large size-large wp-image-320\" alt=\"\" \/>\t\t\t\t\t\t\t\t\t\t\t\t\t\t\t<\/div>\n\t\t\t\t<\/div>\n\t\t\t\t<div class=\"elementor-element elementor-element-468fc6f elementor-widget elementor-widget-text-editor\" data-id=\"468fc6f\" data-element_type=\"widget\" data-e-type=\"widget\" data-widget_type=\"text-editor.default\">\n\t\t\t\t<div class=\"elementor-widget-container\">\n\t\t\t\t\t\t\t\t\t<h3>PRODUTOS PARA TATUADORES<\/h3>\t\t\t\t\t\t\t\t<\/div>\n\t\t\t\t<\/div>\n\t\t\t\t<div class=\"elementor-element elementor-element-491471a5 elementor-widget elementor-widget-text-editor\" data-id=\"491471a5\" data-element_type=\"widget\" data-e-type=\"widget\" data-widget_type=\"text-editor.default\">\n\t\t\t\t<div class=\"elementor-widget-container\">\n\t\t\t\t\t\t\t\t\t<h5>Vaselina, Gel, Removedor, Transfer, Manteiga, Pomada, Hidratante.<\/h5>\t\t\t\t\t\t\t\t<\/div>\n\t\t\t\t<\/div>\n\t\t\t\t<div class=\"elementor-element elementor-element-34d4e61f elementor-mobile-align-center elementor-widget elementor-widget-button\" data-id=\"34d4e61f\" data-element_type=\"widget\" data-e-type=\"widget\" data-widget_type=\"button.default\">\n\t\t\t\t<div class=\"elementor-widget-container\">\n\t\t\t\t\t\t\t\t\t<div class=\"elementor-button-wrapper\">\n\t\t\t\t\t<a class=\"elementor-button elementor-button-link elementor-size-sm\" href=\"https:\/\/gayacosmeticos.com.br\/gaya\/contato\/\">\n\t\t\t\t\t\t<span class=\"elementor-button-content-wrapper\">\n\t\t\t\t\t\t<span class=\"elementor-button-icon\">\n\t\t\t\t<svg aria-hidden=\"true\" class=\"e-font-icon-svg e-fas-angle-right\" viewBox=\"0 0 256 512\" xmlns=\"http:\/\/www.w3.org\/2000\/svg\"><path d=\"M224.3 273l-136 136c-9.4 9.4-24.6 9.4-33.9 0l-22.6-22.6c-9.4-9.4-9.4-24.6 0-33.9l96.4-96.4-96.4-96.4c-9.4-9.4-9.4-24.6 0-33.9L54.3 103c9.4-9.4 24.6-9.4 33.9 0l136 136c9.5 9.4 9.5 24.6.1 34z\"><\/path><\/svg>\t\t\t<\/span>\n\t\t\t\t\t\t\t\t\t<span class=\"elementor-button-text\">FALE CONOSCO<\/span>\n\t\t\t\t\t<\/span>\n\t\t\t\t\t<\/a>\n\t\t\t\t<\/div>\n\t\t\t\t\t\t\t\t<\/div>\n\t\t\t\t<\/div>\n\t\t\t\t\t<\/div>\n\t\t<\/div>\n\t\t\t\t\t<\/div>\n\t\t<\/section>\n\t\t\t\t<section class=\"elementor-section elementor-inner-section elementor-element elementor-element-3b268c79 elementor-section-content-middle elementor-section-boxed elementor-section-height-default elementor-section-height-default\" data-id=\"3b268c79\" data-element_type=\"section\" data-e-type=\"section\">\n\t\t\t\t\t\t<div class=\"elementor-container elementor-column-gap-default\">\n\t\t\t\t\t<div class=\"elementor-column elementor-col-50 elementor-inner-column elementor-element elementor-element-2b1fa52a\" data-id=\"2b1fa52a\" data-element_type=\"column\" data-e-type=\"column\">\n\t\t\t<div class=\"elementor-widget-wrap elementor-element-populated\">\n\t\t\t\t\t\t<div class=\"elementor-element elementor-element-56777d9b elementor-widget elementor-widget-image\" data-id=\"56777d9b\" data-element_type=\"widget\" data-e-type=\"widget\" data-widget_type=\"image.default\">\n\t\t\t\t<div class=\"elementor-widget-container\">\n\t\t\t\t\t\t\t\t\t\t\t\t\t\t\t<img decoding=\"async\" width=\"40\" height=\"40\" src=\"https:\/\/gayacosmeticos.com.br\/gaya\/wp-content\/uploads\/2025\/02\/circulo2.png\" class=\"attachment-large size-large wp-image-321\" alt=\"\" \/>\t\t\t\t\t\t\t\t\t\t\t\t\t\t\t<\/div>\n\t\t\t\t<\/div>\n\t\t\t\t<div class=\"elementor-element elementor-element-7c6004a7 elementor-widget elementor-widget-text-editor\" data-id=\"7c6004a7\" data-element_type=\"widget\" data-e-type=\"widget\" data-widget_type=\"text-editor.default\">\n\t\t\t\t<div class=\"elementor-widget-container\">\n\t\t\t\t\t\t\t\t\t<h3>TRATAMENTO FACIAL<\/h3>\t\t\t\t\t\t\t\t<\/div>\n\t\t\t\t<\/div>\n\t\t\t\t<div class=\"elementor-element elementor-element-4f8ccd68 elementor-widget elementor-widget-text-editor\" data-id=\"4f8ccd68\" data-element_type=\"widget\" data-e-type=\"widget\" data-widget_type=\"text-editor.default\">\n\t\t\t\t<div class=\"elementor-widget-container\">\n\t\t\t\t\t\t\t\t\t<h5>Limpeza, Esfolia\u00e7\u00e3o, Hidrata\u00e7\u00e3o, Clareamento, Antirrugas e Antissinais, Shampoos e lo\u00e7\u00f5es pr\u00e9 e p\u00f3s barbear.<\/h5>\t\t\t\t\t\t\t\t<\/div>\n\t\t\t\t<\/div>\n\t\t\t\t<div class=\"elementor-element elementor-element-359d1fb8 elementor-mobile-align-center elementor-widget elementor-widget-button\" data-id=\"359d1fb8\" data-element_type=\"widget\" data-e-type=\"widget\" data-widget_type=\"button.default\">\n\t\t\t\t<div class=\"elementor-widget-container\">\n\t\t\t\t\t\t\t\t\t<div class=\"elementor-button-wrapper\">\n\t\t\t\t\t<a class=\"elementor-button elementor-button-link elementor-size-sm\" href=\"https:\/\/gayacosmeticos.com.br\/gaya\/contato\/\">\n\t\t\t\t\t\t<span class=\"elementor-button-content-wrapper\">\n\t\t\t\t\t\t<span class=\"elementor-button-icon\">\n\t\t\t\t<svg aria-hidden=\"true\" class=\"e-font-icon-svg e-fas-angle-right\" viewBox=\"0 0 256 512\" xmlns=\"http:\/\/www.w3.org\/2000\/svg\"><path d=\"M224.3 273l-136 136c-9.4 9.4-24.6 9.4-33.9 0l-22.6-22.6c-9.4-9.4-9.4-24.6 0-33.9l96.4-96.4-96.4-96.4c-9.4-9.4-9.4-24.6 0-33.9L54.3 103c9.4-9.4 24.6-9.4 33.9 0l136 136c9.5 9.4 9.5 24.6.1 34z\"><\/path><\/svg>\t\t\t<\/span>\n\t\t\t\t\t\t\t\t\t<span class=\"elementor-button-text\">FALE CONOSCO<\/span>\n\t\t\t\t\t<\/span>\n\t\t\t\t\t<\/a>\n\t\t\t\t<\/div>\n\t\t\t\t\t\t\t\t<\/div>\n\t\t\t\t<\/div>\n\t\t\t\t\t<\/div>\n\t\t<\/div>\n\t\t\t\t<div class=\"elementor-column elementor-col-50 elementor-inner-column elementor-element elementor-element-4f6e970\" data-id=\"4f6e970\" data-element_type=\"column\" data-e-type=\"column\">\n\t\t\t<div class=\"elementor-widget-wrap elementor-element-populated\">\n\t\t\t\t\t\t<div class=\"elementor-element elementor-element-43b42495 elementor-widget elementor-widget-image\" data-id=\"43b42495\" data-element_type=\"widget\" data-e-type=\"widget\" data-widget_type=\"image.default\">\n\t\t\t\t<div class=\"elementor-widget-container\">\n\t\t\t\t\t\t\t\t\t\t\t\t\t\t\t\t<a href=\"https:\/\/gayacosmeticos.com.br\/gaya\/services\/\">\n\t\t\t\t\t\t\t<img loading=\"lazy\" decoding=\"async\" width=\"780\" height=\"628\" src=\"https:\/\/gayacosmeticos.com.br\/gaya\/wp-content\/uploads\/2025\/03\/trat_facial2.jpg\" class=\"attachment-large size-large wp-image-430\" alt=\"\" srcset=\"https:\/\/gayacosmeticos.com.br\/gaya\/wp-content\/uploads\/2025\/03\/trat_facial2.jpg 780w, https:\/\/gayacosmeticos.com.br\/gaya\/wp-content\/uploads\/2025\/03\/trat_facial2-500x403.jpg 500w, https:\/\/gayacosmeticos.com.br\/gaya\/wp-content\/uploads\/2025\/03\/trat_facial2-300x242.jpg 300w, https:\/\/gayacosmeticos.com.br\/gaya\/wp-content\/uploads\/2025\/03\/trat_facial2-768x618.jpg 768w, https:\/\/gayacosmeticos.com.br\/gaya\/wp-content\/uploads\/2025\/03\/trat_facial2-93x75.jpg 93w, https:\/\/gayacosmeticos.com.br\/gaya\/wp-content\/uploads\/2025\/03\/trat_facial2-480x386.jpg 480w\" sizes=\"(max-width:767px) 480px, (max-width:780px) 100vw, 780px\" \/>\t\t\t\t\t\t\t\t<\/a>\n\t\t\t\t\t\t\t\t\t\t\t\t\t\t\t<\/div>\n\t\t\t\t<\/div>\n\t\t\t\t\t<\/div>\n\t\t<\/div>\n\t\t\t\t\t<\/div>\n\t\t<\/section>\n\t\t\t\t<section class=\"elementor-section elementor-inner-section elementor-element elementor-element-fcfbd34 elementor-section-content-middle elementor-reverse-mobile elementor-section-boxed elementor-section-height-default elementor-section-height-default\" data-id=\"fcfbd34\" data-element_type=\"section\" data-e-type=\"section\">\n\t\t\t\t\t\t<div class=\"elementor-container elementor-column-gap-default\">\n\t\t\t\t\t<div class=\"elementor-column elementor-col-50 elementor-inner-column elementor-element elementor-element-466e1d1\" data-id=\"466e1d1\" data-element_type=\"column\" data-e-type=\"column\">\n\t\t\t<div class=\"elementor-widget-wrap elementor-element-populated\">\n\t\t\t\t\t\t<div class=\"elementor-element elementor-element-0be1296 elementor-widget elementor-widget-image\" data-id=\"0be1296\" data-element_type=\"widget\" data-e-type=\"widget\" data-widget_type=\"image.default\">\n\t\t\t\t<div class=\"elementor-widget-container\">\n\t\t\t\t\t\t\t\t\t\t\t\t\t\t\t\t<a href=\"https:\/\/gayacosmeticos.com.br\/gaya\/services\/\">\n\t\t\t\t\t\t\t<img loading=\"lazy\" decoding=\"async\" width=\"780\" height=\"628\" src=\"https:\/\/gayacosmeticos.com.br\/gaya\/wp-content\/uploads\/2025\/03\/trat_corpo.jpg\" class=\"attachment-large size-large wp-image-426\" alt=\"\" srcset=\"https:\/\/gayacosmeticos.com.br\/gaya\/wp-content\/uploads\/2025\/03\/trat_corpo.jpg 780w, https:\/\/gayacosmeticos.com.br\/gaya\/wp-content\/uploads\/2025\/03\/trat_corpo-500x403.jpg 500w, https:\/\/gayacosmeticos.com.br\/gaya\/wp-content\/uploads\/2025\/03\/trat_corpo-300x242.jpg 300w, https:\/\/gayacosmeticos.com.br\/gaya\/wp-content\/uploads\/2025\/03\/trat_corpo-768x618.jpg 768w, https:\/\/gayacosmeticos.com.br\/gaya\/wp-content\/uploads\/2025\/03\/trat_corpo-93x75.jpg 93w, https:\/\/gayacosmeticos.com.br\/gaya\/wp-content\/uploads\/2025\/03\/trat_corpo-480x386.jpg 480w\" sizes=\"(max-width:767px) 480px, (max-width:780px) 100vw, 780px\" \/>\t\t\t\t\t\t\t\t<\/a>\n\t\t\t\t\t\t\t\t\t\t\t\t\t\t\t<\/div>\n\t\t\t\t<\/div>\n\t\t\t\t\t<\/div>\n\t\t<\/div>\n\t\t\t\t<div class=\"elementor-column elementor-col-50 elementor-inner-column elementor-element elementor-element-d90bbf2\" data-id=\"d90bbf2\" data-element_type=\"column\" data-e-type=\"column\">\n\t\t\t<div class=\"elementor-widget-wrap elementor-element-populated\">\n\t\t\t\t\t\t<div class=\"elementor-element elementor-element-45ef9d2 elementor-widget elementor-widget-image\" data-id=\"45ef9d2\" data-element_type=\"widget\" data-e-type=\"widget\" data-widget_type=\"image.default\">\n\t\t\t\t<div class=\"elementor-widget-container\">\n\t\t\t\t\t\t\t\t\t\t\t\t\t\t\t<img loading=\"lazy\" decoding=\"async\" width=\"40\" height=\"40\" src=\"https:\/\/gayacosmeticos.com.br\/gaya\/wp-content\/uploads\/2025\/03\/circulo3.png\" class=\"attachment-large size-large wp-image-457\" alt=\"\" \/>\t\t\t\t\t\t\t\t\t\t\t\t\t\t\t<\/div>\n\t\t\t\t<\/div>\n\t\t\t\t<div class=\"elementor-element elementor-element-2c01c96 elementor-widget elementor-widget-text-editor\" data-id=\"2c01c96\" data-element_type=\"widget\" data-e-type=\"widget\" data-widget_type=\"text-editor.default\">\n\t\t\t\t<div class=\"elementor-widget-container\">\n\t\t\t\t\t\t\t\t\t<h3>TRATAMENTO CORPORAL<\/h3>\t\t\t\t\t\t\t\t<\/div>\n\t\t\t\t<\/div>\n\t\t\t\t<div class=\"elementor-element elementor-element-4997f24 elementor-widget elementor-widget-text-editor\" data-id=\"4997f24\" data-element_type=\"widget\" data-e-type=\"widget\" data-widget_type=\"text-editor.default\">\n\t\t\t\t<div class=\"elementor-widget-container\">\n\t\t\t\t\t\t\t\t\t<h5>\u00d3leos, Esfolia\u00e7\u00e3o, Hidrata\u00e7\u00e3o, Massagem, Anticelulite e Antiestrias.<\/h5>\t\t\t\t\t\t\t\t<\/div>\n\t\t\t\t<\/div>\n\t\t\t\t<div class=\"elementor-element elementor-element-4ddbbe5 elementor-mobile-align-center elementor-widget elementor-widget-button\" data-id=\"4ddbbe5\" data-element_type=\"widget\" data-e-type=\"widget\" data-widget_type=\"button.default\">\n\t\t\t\t<div class=\"elementor-widget-container\">\n\t\t\t\t\t\t\t\t\t<div class=\"elementor-button-wrapper\">\n\t\t\t\t\t<a class=\"elementor-button elementor-button-link elementor-size-sm\" href=\"https:\/\/gayacosmeticos.com.br\/gaya\/contato\/\">\n\t\t\t\t\t\t<span class=\"elementor-button-content-wrapper\">\n\t\t\t\t\t\t<span class=\"elementor-button-icon\">\n\t\t\t\t<svg aria-hidden=\"true\" class=\"e-font-icon-svg e-fas-angle-right\" viewBox=\"0 0 256 512\" xmlns=\"http:\/\/www.w3.org\/2000\/svg\"><path d=\"M224.3 273l-136 136c-9.4 9.4-24.6 9.4-33.9 0l-22.6-22.6c-9.4-9.4-9.4-24.6 0-33.9l96.4-96.4-96.4-96.4c-9.4-9.4-9.4-24.6 0-33.9L54.3 103c9.4-9.4 24.6-9.4 33.9 0l136 136c9.5 9.4 9.5 24.6.1 34z\"><\/path><\/svg>\t\t\t<\/span>\n\t\t\t\t\t\t\t\t\t<span class=\"elementor-button-text\">FALE CONOSCO<\/span>\n\t\t\t\t\t<\/span>\n\t\t\t\t\t<\/a>\n\t\t\t\t<\/div>\n\t\t\t\t\t\t\t\t<\/div>\n\t\t\t\t<\/div>\n\t\t\t\t\t<\/div>\n\t\t<\/div>\n\t\t\t\t\t<\/div>\n\t\t<\/section>\n\t\t\t\t<section class=\"elementor-section elementor-inner-section elementor-element elementor-element-1298563 elementor-section-content-middle elementor-section-boxed elementor-section-height-default elementor-section-height-default\" data-id=\"1298563\" data-element_type=\"section\" data-e-type=\"section\">\n\t\t\t\t\t\t<div class=\"elementor-container elementor-column-gap-default\">\n\t\t\t\t\t<div class=\"elementor-column elementor-col-50 elementor-inner-column elementor-element elementor-element-9f3007b\" data-id=\"9f3007b\" data-element_type=\"column\" data-e-type=\"column\">\n\t\t\t<div class=\"elementor-widget-wrap elementor-element-populated\">\n\t\t\t\t\t\t<div class=\"elementor-element elementor-element-b4627e7 elementor-widget elementor-widget-image\" data-id=\"b4627e7\" data-element_type=\"widget\" data-e-type=\"widget\" data-widget_type=\"image.default\">\n\t\t\t\t<div class=\"elementor-widget-container\">\n\t\t\t\t\t\t\t\t\t\t\t\t\t\t\t<img loading=\"lazy\" decoding=\"async\" width=\"40\" height=\"40\" src=\"https:\/\/gayacosmeticos.com.br\/gaya\/wp-content\/uploads\/2025\/03\/circulo4.png\" class=\"attachment-large size-large wp-image-572\" alt=\"\" \/>\t\t\t\t\t\t\t\t\t\t\t\t\t\t\t<\/div>\n\t\t\t\t<\/div>\n\t\t\t\t<div class=\"elementor-element elementor-element-fea403a elementor-widget elementor-widget-text-editor\" data-id=\"fea403a\" data-element_type=\"widget\" data-e-type=\"widget\" data-widget_type=\"text-editor.default\">\n\t\t\t\t<div class=\"elementor-widget-container\">\n\t\t\t\t\t\t\t\t\t<h3>TRATAMENTO CAPILAR<\/h3>\t\t\t\t\t\t\t\t<\/div>\n\t\t\t\t<\/div>\n\t\t\t\t<div class=\"elementor-element elementor-element-daae7f2 elementor-widget elementor-widget-text-editor\" data-id=\"daae7f2\" data-element_type=\"widget\" data-e-type=\"widget\" data-widget_type=\"text-editor.default\">\n\t\t\t\t<div class=\"elementor-widget-container\">\n\t\t\t\t\t\t\t\t\t<h5>Hidrata\u00e7\u00e3o, P\u00f3s qu\u00edmica, P\u00f3s Progressiva, Cachos, Cauteriza\u00e7\u00e3o, Reconstru\u00e7\u00e3o, Defrizantes, Matizadores, Silicones, \u00d3leos, Cremes, G\u00e9is.<\/h5>\t\t\t\t\t\t\t\t<\/div>\n\t\t\t\t<\/div>\n\t\t\t\t<div class=\"elementor-element elementor-element-bce4873 elementor-mobile-align-center elementor-widget elementor-widget-button\" data-id=\"bce4873\" data-element_type=\"widget\" data-e-type=\"widget\" data-widget_type=\"button.default\">\n\t\t\t\t<div class=\"elementor-widget-container\">\n\t\t\t\t\t\t\t\t\t<div class=\"elementor-button-wrapper\">\n\t\t\t\t\t<a class=\"elementor-button elementor-button-link elementor-size-sm\" href=\"https:\/\/gayacosmeticos.com.br\/gaya\/contato\/\">\n\t\t\t\t\t\t<span class=\"elementor-button-content-wrapper\">\n\t\t\t\t\t\t<span class=\"elementor-button-icon\">\n\t\t\t\t<svg aria-hidden=\"true\" class=\"e-font-icon-svg e-fas-angle-right\" viewBox=\"0 0 256 512\" xmlns=\"http:\/\/www.w3.org\/2000\/svg\"><path d=\"M224.3 273l-136 136c-9.4 9.4-24.6 9.4-33.9 0l-22.6-22.6c-9.4-9.4-9.4-24.6 0-33.9l96.4-96.4-96.4-96.4c-9.4-9.4-9.4-24.6 0-33.9L54.3 103c9.4-9.4 24.6-9.4 33.9 0l136 136c9.5 9.4 9.5 24.6.1 34z\"><\/path><\/svg>\t\t\t<\/span>\n\t\t\t\t\t\t\t\t\t<span class=\"elementor-button-text\">FALE CONOSCO<\/span>\n\t\t\t\t\t<\/span>\n\t\t\t\t\t<\/a>\n\t\t\t\t<\/div>\n\t\t\t\t\t\t\t\t<\/div>\n\t\t\t\t<\/div>\n\t\t\t\t\t<\/div>\n\t\t<\/div>\n\t\t\t\t<div class=\"elementor-column elementor-col-50 elementor-inner-column elementor-element elementor-element-e471d30\" data-id=\"e471d30\" data-element_type=\"column\" data-e-type=\"column\">\n\t\t\t<div class=\"elementor-widget-wrap elementor-element-populated\">\n\t\t\t\t\t\t<div class=\"elementor-element elementor-element-418c223 elementor-widget elementor-widget-image\" data-id=\"418c223\" data-element_type=\"widget\" data-e-type=\"widget\" data-widget_type=\"image.default\">\n\t\t\t\t<div class=\"elementor-widget-container\">\n\t\t\t\t\t\t\t\t\t\t\t\t\t\t\t\t<a href=\"https:\/\/gayacosmeticos.com.br\/gaya\/services\/\">\n\t\t\t\t\t\t\t<img loading=\"lazy\" decoding=\"async\" width=\"780\" height=\"628\" src=\"https:\/\/gayacosmeticos.com.br\/gaya\/wp-content\/uploads\/2025\/03\/trat_cabelo.jpg\" class=\"attachment-large size-large wp-image-432\" alt=\"\" srcset=\"https:\/\/gayacosmeticos.com.br\/gaya\/wp-content\/uploads\/2025\/03\/trat_cabelo.jpg 780w, https:\/\/gayacosmeticos.com.br\/gaya\/wp-content\/uploads\/2025\/03\/trat_cabelo-500x403.jpg 500w, https:\/\/gayacosmeticos.com.br\/gaya\/wp-content\/uploads\/2025\/03\/trat_cabelo-300x242.jpg 300w, https:\/\/gayacosmeticos.com.br\/gaya\/wp-content\/uploads\/2025\/03\/trat_cabelo-768x618.jpg 768w, https:\/\/gayacosmeticos.com.br\/gaya\/wp-content\/uploads\/2025\/03\/trat_cabelo-93x75.jpg 93w, https:\/\/gayacosmeticos.com.br\/gaya\/wp-content\/uploads\/2025\/03\/trat_cabelo-480x386.jpg 480w\" sizes=\"(max-width:767px) 480px, (max-width:780px) 100vw, 780px\" \/>\t\t\t\t\t\t\t\t<\/a>\n\t\t\t\t\t\t\t\t\t\t\t\t\t\t\t<\/div>\n\t\t\t\t<\/div>\n\t\t\t\t\t<\/div>\n\t\t<\/div>\n\t\t\t\t\t<\/div>\n\t\t<\/section>\n\t\t\t\t\t<\/div>\n\t\t<\/div>\n\t\t\t\t\t<\/div>\n\t\t<\/section>\n\t\t\t\t<\/div>\n\t\t","protected":false},"excerpt":{"rendered":"<p>PRODUTOS PARA TATUADORES Vaselina, Gel, Removedor, Transfer, Manteiga, Pomada, Hidratante. FALE CONOSCO TRATAMENTO FACIAL Limpeza, Esfolia\u00e7\u00e3o, Hidrata\u00e7\u00e3o, Clareamento, Antirrugas e Antissinais, Shampoos e lo\u00e7\u00f5es pr\u00e9 e<span class=\"excerpt-hellip\"> [\u2026]<\/span><\/p>\n","protected":false},"author":1,"featured_media":0,"parent":0,"menu_order":0,"comment_status":"closed","ping_status":"closed","template":"","meta":{"footnotes":""},"class_list":["post-399","page","type-page","status-publish","hentry"],"_links":{"self":[{"href":"https:\/\/gayacosmeticos.com.br\/gaya\/wp-json\/wp\/v2\/pages\/399","targetHints":{"allow":["GET"]}}],"collection":[{"href":"https:\/\/gayacosmeticos.com.br\/gaya\/wp-json\/wp\/v2\/pages"}],"about":[{"href":"https:\/\/gayacosmeticos.com.br\/gaya\/wp-json\/wp\/v2\/types\/page"}],"author":[{"embeddable":true,"href":"https:\/\/gayacosmeticos.com.br\/gaya\/wp-json\/wp\/v2\/users\/1"}],"replies":[{"embeddable":true,"href":"https:\/\/gayacosmeticos.com.br\/gaya\/wp-json\/wp\/v2\/comments?post=399"}],"version-history":[{"count":49,"href":"https:\/\/gayacosmeticos.com.br\/gaya\/wp-json\/wp\/v2\/pages\/399\/revisions"}],"predecessor-version":[{"id":578,"href":"https:\/\/gayacosmeticos.com.br\/gaya\/wp-json\/wp\/v2\/pages\/399\/revisions\/578"}],"wp:attachment":[{"href":"https:\/\/gayacosmeticos.com.br\/gaya\/wp-json\/wp\/v2\/media?parent=399"}],"curies":[{"name":"wp","href":"https:\/\/api.w.org\/{rel}","templated":true}]}}